{"id":9512,"date":"2024-07-24T15:07:38","date_gmt":"2024-07-24T13:07:38","guid":{"rendered":"http:\/\/dev.fhochdrei.org\/seite\/"},"modified":"2024-07-24T15:07:38","modified_gmt":"2024-07-24T13:07:38","slug":"seite","status":"publish","type":"page","link":"https:\/\/fhochdrei.org\/en\/seite\/","title":{"rendered":"Seite"},"content":{"rendered":"\n<div class=\"wp-block-group section has-global-padding is-layout-constrained wp-container-core-group-is-layout-1 wp-block-group-is-layout-constrained\" style=\"padding-top:var(--wp--preset--spacing--large);padding-bottom:var(--wp--preset--spacing--large)\">\n<div class=\"wp-block-columns is-layout-flex wp-container-core-columns-is-layout-1 wp-block-columns-is-layout-flex\">\n<div class=\"wp-block-column is-layout-flow wp-block-column-is-layout-flow\" style=\"flex-basis:33.33%\">\n<h1 class=\"wp-block-heading has-primary-color has-text-color has-link-color has-x-large-font-size wp-elements-1cc4900536c7fc76acff3cd5314dd0d6\" style=\"line-height:1.1\">Ihr Besuch<\/h1>\n<\/div>\n\n\n\n<div class=\"wp-block-column is-layout-flow wp-block-column-is-layout-flow\" style=\"flex-basis:58.33%\"><\/div>\n<\/div>\n\n\n\n<div class=\"wp-block-columns is-layout-flex wp-container-core-columns-is-layout-2 wp-block-columns-is-layout-flex\">\n<div class=\"wp-block-column is-layout-flow wp-block-column-is-layout-flow\" style=\"flex-basis:33.33%\">\n<h2 class=\"wp-block-heading has-x-large-font-size\" id=\"offnungszeiten\" style=\"line-height:1.1\">Unsere \u00d6ffnungszeiten<\/h2>\n<\/div>\n\n\n\n<div class=\"wp-block-column is-layout-flow wp-block-column-is-layout-flow\" style=\"flex-basis:58.33%\">\n<p><strong>Mittwoch \u2013 Sonntag<\/strong><br>13\u201319 UHR<br>Letzter Einlass: 18:30 Uhr<\/p>\n\n\n\n<p>Tickets f\u00fcr die Ausstellung erhalten Sie vor Ort oder online, Tickets f\u00fcr unsere Veranstaltungen empfehlen wir online zu buchen, da wir nur eine begrenzt Anzahl an Pl\u00e4tzen haben. Restkarten sind an der Kasse erh\u00e4ltlich. Um zu unserem Ticketshop zu gelangen, einfach&nbsp;<a href=\"\/fhochdrei2024?page_id=8390\">hier<\/a>&nbsp;klicken.<\/p>\n\n\n\n<p><strong>Sonder\u00f6ffnungszeiten<\/strong>&nbsp;f\u00fcr Schulklassen und gr\u00f6\u00dfere Gruppen sind nach Absprache m\u00f6glich. Senden Sie uns bitte eine Anfrage per E-Mail zur Terminabsprache an&nbsp;<a href=\"mailto:info@fhochdrei.org\">info@fhochdrei.org<\/a>.<\/p>\n<\/div>\n<\/div>\n<\/div>\n\n\n\n<div class=\"wp-block-group section has-white-background-color has-background has-global-padding is-layout-constrained wp-block-group-is-layout-constrained\" style=\"padding-top:var(--wp--preset--spacing--large);padding-bottom:var(--wp--preset--spacing--large)\">\n<div class=\"wp-block-columns is-layout-flex wp-container-core-columns-is-layout-3 wp-block-columns-is-layout-flex\">\n<div class=\"wp-block-column is-layout-flow wp-block-column-is-layout-flow\" style=\"flex-basis:33.33%\">\n<h2 class=\"wp-block-heading\">Ticketpreise<\/h2>\n<\/div>\n\n\n\n<div class=\"wp-block-column is-layout-flow wp-block-column-is-layout-flow\" style=\"flex-basis:58.33%\">\n<p><strong>Erwachsene 6 \u20ac<br>Erm\u00e4\u00dfigt 4 \u20ac<\/strong><\/p>\n\n\n\n<p>Erm\u00e4\u00dfigte Tickets und freien Eintritt&nbsp;erhalten Sie&nbsp;bei Vorlage des entsprechenden Ausweises:<\/p>\n\n\n\n<ul class=\"wp-block-list\">\n<li>Kinder bis 12 Jahre<\/li>\n\n\n\n<li>Sch\u00fcler*innen, Studierende<\/li>\n\n\n\n<li>Teilnehmende am Bundesfreiwilligendienst, Freiwilliges soziales Jahr<\/li>\n\n\n\n<li>Arbeitslose, Empf\u00e4nger*innen vom B\u00fcrgergeld, Inhaber*innen des berlinpass<\/li>\n\n\n\n<li>Schwerbehinderte (mindestens 50 v. H. MdE)<\/li>\n<\/ul>\n\n\n\n<p>Erm\u00e4\u00dfigte Tickets sind auch \u00fcber unseren Ticketshop zu erwerben. Geben Sie dazu einfach den entsprechenden Gutschein ein. Alle Informationen finden Sie&nbsp;hier.<\/p>\n\n\n\n<p>Journalist*innen erhalten nach vorheriger Akkreditierung freien Eintritt. Bitte melden Sie sich dazu per E-Mail an:&nbsp;<a href=\"mailto:presse@fhochdrei.org\">presse@fhochdrei.org<\/a>.<\/p>\n<\/div>\n<\/div>\n<\/div>\n","protected":false},"excerpt":{"rendered":"<p>Ihr Besuch Unsere \u00d6ffnungszeiten Mittwoch \u2013 Sonntag13\u201319 UHRLetzter Einlass: 18:30 Uhr Tickets f\u00fcr die Ausstellung erhalten Sie vor Ort oder online, Tickets f\u00fcr unsere Veranstaltungen empfehlen wir online zu buchen, da wir nur eine begrenzt Anzahl an Pl\u00e4tzen haben. Restkarten sind an der Kasse erh\u00e4ltlich. Um zu unserem Ticketshop zu gelangen, einfach&nbsp;hier&nbsp;klicken. Sonder\u00f6ffnungszeiten&nbsp;f\u00fcr Schulklassen und [&hellip;]<\/p>\n","protected":false},"author":2,"featured_media":0,"parent":0,"menu_order":0,"comment_status":"closed","ping_status":"closed","template":"","meta":{"_acf_changed":false,"footnotes":""},"class_list":["post-9512","page","type-page","status-publish","hentry"],"acf":[],"mb":[],"yoast_head":"<!-- This site is optimized with the Yoast SEO plugin v24.9 - https:\/\/yoast.com\/wordpress\/plugins\/seo\/ -->\n<title>Seite | fhochdrei<\/title>\n<meta name=\"robots\" content=\"index, follow, max-snippet:-1, max-image-preview:large, max-video-preview:-1\" \/>\n<link rel=\"canonical\" href=\"https:\/\/fhochdrei.org\/en\/seite\/\" \/>\n<meta property=\"og:locale\" content=\"en_US\" \/>\n<meta property=\"og:type\" content=\"article\" \/>\n<meta property=\"og:title\" content=\"Seite | fhochdrei\" \/>\n<meta property=\"og:description\" content=\"Ihr Besuch Unsere \u00d6ffnungszeiten Mittwoch \u2013 Sonntag13\u201319 UHRLetzter Einlass: 18:30 Uhr Tickets f\u00fcr die Ausstellung erhalten Sie vor Ort oder online, Tickets f\u00fcr unsere Veranstaltungen empfehlen wir online zu buchen, da wir nur eine begrenzt Anzahl an Pl\u00e4tzen haben. Restkarten sind an der Kasse erh\u00e4ltlich. Um zu unserem Ticketshop zu gelangen, einfach&nbsp;hier&nbsp;klicken. Sonder\u00f6ffnungszeiten&nbsp;f\u00fcr Schulklassen und [&hellip;]\" \/>\n<meta property=\"og:url\" content=\"https:\/\/fhochdrei.org\/en\/seite\/\" \/>\n<meta property=\"og:site_name\" content=\"fhochdrei\" \/>\n<meta property=\"article:publisher\" content=\"https:\/\/www.facebook.com\/fhochdrei\/\" \/>\n<meta name=\"twitter:card\" content=\"summary_large_image\" \/>\n<meta name=\"twitter:label1\" content=\"Est. reading time\" \/>\n\t<meta name=\"twitter:data1\" content=\"1 minute\" \/>\n<script type=\"application\/ld+json\" class=\"yoast-schema-graph\">{\"@context\":\"https:\/\/schema.org\",\"@graph\":[{\"@type\":\"WebPage\",\"@id\":\"https:\/\/fhochdrei.org\/en\/seite\/\",\"url\":\"https:\/\/fhochdrei.org\/en\/seite\/\",\"name\":\"Seite | fhochdrei\",\"isPartOf\":{\"@id\":\"https:\/\/fhochdrei.org\/en\/#website\"},\"datePublished\":\"2024-07-24T13:07:38+00:00\",\"breadcrumb\":{\"@id\":\"https:\/\/fhochdrei.org\/en\/seite\/#breadcrumb\"},\"inLanguage\":\"en-US\",\"potentialAction\":[{\"@type\":\"ReadAction\",\"target\":[\"https:\/\/fhochdrei.org\/en\/seite\/\"]}]},{\"@type\":\"BreadcrumbList\",\"@id\":\"https:\/\/fhochdrei.org\/en\/seite\/#breadcrumb\",\"itemListElement\":[{\"@type\":\"ListItem\",\"position\":1,\"name\":\"Startseite\",\"item\":\"https:\/\/fhochdrei.org\/en\/\"},{\"@type\":\"ListItem\",\"position\":2,\"name\":\"Seite\"}]},{\"@type\":\"WebSite\",\"@id\":\"https:\/\/fhochdrei.org\/en\/#website\",\"url\":\"https:\/\/fhochdrei.org\/en\/\",\"name\":\"fhochdrei\",\"description\":\"freiraum f\u00fcr fotografie\",\"publisher\":{\"@id\":\"https:\/\/fhochdrei.org\/en\/#organization\"},\"potentialAction\":[{\"@type\":\"SearchAction\",\"target\":{\"@type\":\"EntryPoint\",\"urlTemplate\":\"https:\/\/fhochdrei.org\/en\/?s={search_term_string}\"},\"query-input\":{\"@type\":\"PropertyValueSpecification\",\"valueRequired\":true,\"valueName\":\"search_term_string\"}}],\"inLanguage\":\"en-US\"},{\"@type\":\"Organization\",\"@id\":\"https:\/\/fhochdrei.org\/en\/#organization\",\"name\":\"fhochdrei\",\"url\":\"https:\/\/fhochdrei.org\/en\/\",\"logo\":{\"@type\":\"ImageObject\",\"inLanguage\":\"en-US\",\"@id\":\"https:\/\/fhochdrei.org\/en\/#\/schema\/logo\/image\/\",\"url\":\"https:\/\/fhochdrei.org\/wp-content\/uploads\/2017\/05\/logo.png\",\"contentUrl\":\"https:\/\/fhochdrei.org\/wp-content\/uploads\/2017\/05\/logo.png\",\"width\":1400,\"height\":798,\"caption\":\"fhochdrei\"},\"image\":{\"@id\":\"https:\/\/fhochdrei.org\/en\/#\/schema\/logo\/image\/\"},\"sameAs\":[\"https:\/\/www.facebook.com\/fhochdrei\/\"]}]}<\/script>\n<!-- \/ Yoast SEO plugin. -->","yoast_head_json":{"title":"Seite | fhochdrei","robots":{"index":"index","follow":"follow","max-snippet":"max-snippet:-1","max-image-preview":"max-image-preview:large","max-video-preview":"max-video-preview:-1"},"canonical":"https:\/\/fhochdrei.org\/en\/seite\/","og_locale":"en_US","og_type":"article","og_title":"Seite | fhochdrei","og_description":"Ihr Besuch Unsere \u00d6ffnungszeiten Mittwoch \u2013 Sonntag13\u201319 UHRLetzter Einlass: 18:30 Uhr Tickets f\u00fcr die Ausstellung erhalten Sie vor Ort oder online, Tickets f\u00fcr unsere Veranstaltungen empfehlen wir online zu buchen, da wir nur eine begrenzt Anzahl an Pl\u00e4tzen haben. Restkarten sind an der Kasse erh\u00e4ltlich. Um zu unserem Ticketshop zu gelangen, einfach&nbsp;hier&nbsp;klicken. Sonder\u00f6ffnungszeiten&nbsp;f\u00fcr Schulklassen und [&hellip;]","og_url":"https:\/\/fhochdrei.org\/en\/seite\/","og_site_name":"fhochdrei","article_publisher":"https:\/\/www.facebook.com\/fhochdrei\/","twitter_card":"summary_large_image","twitter_misc":{"Est. reading time":"1 minute"},"schema":{"@context":"https:\/\/schema.org","@graph":[{"@type":"WebPage","@id":"https:\/\/fhochdrei.org\/en\/seite\/","url":"https:\/\/fhochdrei.org\/en\/seite\/","name":"Seite | fhochdrei","isPartOf":{"@id":"https:\/\/fhochdrei.org\/en\/#website"},"datePublished":"2024-07-24T13:07:38+00:00","breadcrumb":{"@id":"https:\/\/fhochdrei.org\/en\/seite\/#breadcrumb"},"inLanguage":"en-US","potentialAction":[{"@type":"ReadAction","target":["https:\/\/fhochdrei.org\/en\/seite\/"]}]},{"@type":"BreadcrumbList","@id":"https:\/\/fhochdrei.org\/en\/seite\/#breadcrumb","itemListElement":[{"@type":"ListItem","position":1,"name":"Startseite","item":"https:\/\/fhochdrei.org\/en\/"},{"@type":"ListItem","position":2,"name":"Seite"}]},{"@type":"WebSite","@id":"https:\/\/fhochdrei.org\/en\/#website","url":"https:\/\/fhochdrei.org\/en\/","name":"fhochdrei","description":"freiraum f\u00fcr fotografie","publisher":{"@id":"https:\/\/fhochdrei.org\/en\/#organization"},"potentialAction":[{"@type":"SearchAction","target":{"@type":"EntryPoint","urlTemplate":"https:\/\/fhochdrei.org\/en\/?s={search_term_string}"},"query-input":{"@type":"PropertyValueSpecification","valueRequired":true,"valueName":"search_term_string"}}],"inLanguage":"en-US"},{"@type":"Organization","@id":"https:\/\/fhochdrei.org\/en\/#organization","name":"fhochdrei","url":"https:\/\/fhochdrei.org\/en\/","logo":{"@type":"ImageObject","inLanguage":"en-US","@id":"https:\/\/fhochdrei.org\/en\/#\/schema\/logo\/image\/","url":"https:\/\/fhochdrei.org\/wp-content\/uploads\/2017\/05\/logo.png","contentUrl":"https:\/\/fhochdrei.org\/wp-content\/uploads\/2017\/05\/logo.png","width":1400,"height":798,"caption":"fhochdrei"},"image":{"@id":"https:\/\/fhochdrei.org\/en\/#\/schema\/logo\/image\/"},"sameAs":["https:\/\/www.facebook.com\/fhochdrei\/"]}]}},"mfb_rest_fields":["title","yoast_head","yoast_head_json"],"_links":{"self":[{"href":"https:\/\/fhochdrei.org\/en\/wp-json\/wp\/v2\/pages\/9512","targetHints":{"allow":["GET"]}}],"collection":[{"href":"https:\/\/fhochdrei.org\/en\/wp-json\/wp\/v2\/pages"}],"about":[{"href":"https:\/\/fhochdrei.org\/en\/wp-json\/wp\/v2\/types\/page"}],"author":[{"embeddable":true,"href":"https:\/\/fhochdrei.org\/en\/wp-json\/wp\/v2\/users\/2"}],"replies":[{"embeddable":true,"href":"https:\/\/fhochdrei.org\/en\/wp-json\/wp\/v2\/comments?post=9512"}],"version-history":[{"count":0,"href":"https:\/\/fhochdrei.org\/en\/wp-json\/wp\/v2\/pages\/9512\/revisions"}],"wp:attachment":[{"href":"https:\/\/fhochdrei.org\/en\/wp-json\/wp\/v2\/media?parent=9512"}],"curies":[{"name":"wp","href":"https:\/\/api.w.org\/{rel}","templated":true}]}}